{"id":3599,"date":"2023-05-18T09:38:03","date_gmt":"2023-05-18T07:38:03","guid":{"rendered":"https:\/\/gozamericodanceschool.es\/politica-de-cookies\/"},"modified":"2023-05-18T09:38:03","modified_gmt":"2023-05-18T07:38:03","slug":"politica-de-cookies","status":"publish","type":"page","link":"https:\/\/gozamericodanceschool.es\/ca\/politica-de-cookies\/","title":{"rendered":"Pol\u00edtica de Cookies"},"content":{"rendered":"<div style=\"text-align: justify;\">\n<h2><strong>POL\u00cdTICA DE COOKIES<\/strong><\/h2>\n<p>Aquesta p\u00e0gina web utilitza cookies per millorar lexperi\u00e8ncia de lusuari. A continuaci\u00f3, trobareu informaci\u00f3 sobre que s\u00f3n les galetes, quin tipus de galetes utilitza aquesta p\u00e0gina, com podeu desactivar les galetes al vostre navegador i com desactivar espec\u00edficament la instal\u00b7laci\u00f3 de galetes de tercers. Si no trobeu la informaci\u00f3 espec\u00edfica que esteu cercant, si us plau envieu un correu a <b>carlosanibal8205@gmail.com<\/b>.<\/p>\n<h3><strong>Qu\u00e8 s\u00f3n les cookies?<\/strong><\/h3>\n<p>Les galetes s\u00f3n \u00fatils per diversos motius. Des d&#8217;un punt de vista t\u00e8cnic, permeten que les p\u00e0gines web funcionin de forma m\u00e9s \u00e0gil i adaptada a les vostres prefer\u00e8ncies, com emmagatzemar el vostre idioma o la moneda del vostre pa\u00eds. A m\u00e9s, ajuden els responsables dels llocs a millorar els serveis que ofereixen, gr\u00e0cies a la informaci\u00f3 estad\u00edstica que recullen a trav\u00e9s d&#8217;elles i serveixen per fer m\u00e9s eficient la publicitat que us podem mostrar.<\/p>\n<h3><strong>Quin \u00fas donem als diferents tipus de cookies?<\/strong><\/h3>\n<p><strong>Cookies de sessi\u00f3:<\/strong> Les galetes de sessi\u00f3 s\u00f3n aquelles que duren el temps que l&#8217;usuari est\u00e0 navegant per la p\u00e0gina web i s&#8217;esborren en finalitzar.<\/p>\n<p><strong>Cookiespersistents:<\/strong> Aquestes cookies queden emmagatzemades al terminal de l&#8217;usuari, per un temps m\u00e9s llarg, facilitant aix\u00ed el control de les prefer\u00e8ncies escollides sense haver de repetir certs par\u00e0metres cada cop que es visiti el lloc web.<\/p>\n<p><strong>Cookies pr\u00f2pies:<\/strong> S\u00f3n cookies creades pel lloc web i que nom\u00e9s poden llegir la pr\u00f2pia p\u00e0gina. Per exemple: galetes t\u00e8cniques per la c\u00e0rrega d&#8217;imatges, galetes de personalitzaci\u00f3 de par\u00e0metres de la web, galetes d&#8217;an\u00e0lisi de tr\u00e0nsit, etc.<\/p>\n<p><strong>Cookies de tercers:<\/strong> S\u00f3n cookies creades per tercers i que utilitzem per diferents serveis (per ex. An\u00e0lisi del lloc web o publicitat).<\/p>\n<p>Segons la finalitat: <\/p>\n<p><strong>Cookies t\u00e8cniques:<\/strong> Les cookies t\u00e8cniques s\u00f3n aquelles imprescindibles i estrictament necess\u00e0ries per al funcionament correcte d&#8217;un portal web i la utilitzaci\u00f3 de les diferents opcions i serveis que ofereix. Per exemple, les que serveixen per al manteniment de la sessi\u00f3, gesti\u00f3 del temps de resposta, rendiment o validaci\u00f3 d&#8217;opcions, utilitzar elements de seguretat, compartir contingut a les xarxes socials, etc.<\/p>\n<p><strong>Galetes de personalitzaci\u00f3:<\/strong> Aquestes galetes permeten a l&#8217;usuari especificar o personalitzar algunes caracter\u00edstiques de les opcions generals de la p\u00e0gina web, per exemple, definir l&#8217;idioma, configuraci\u00f3 regional o tipus de navegador.<\/p>\n<p><strong>Galetes anal\u00edtiques:<\/strong> Les galetes anal\u00edtiques s\u00f3n les utilitzades pel nostre portal web, per elaborar perfils de navegaci\u00f3 i poder con\u00e8ixer les prefer\u00e8ncies dels usuaris del mateix per millorar l&#8217;oferta de productes i serveis. Per exemple, mitjan\u00e7ant una galeta anal\u00edtica es controlarien les \u00e0rees geogr\u00e0fiques de m\u00e9s inter\u00e8s d&#8217;un usuari, quin \u00e9s el producte de m\u00e9s acceptaci\u00f3, etc.<\/p>\n<p><strong>Galetes publicit\u00e0ries:<\/strong> Les galetes publicit\u00e0ries permeten la gesti\u00f3 d&#8217;espais publicitaris en base a criteris concrets. Per exemple, la freq\u00fc\u00e8ncia d&#8217;acc\u00e9s, el contingut editat, etc. Les galetes de publicitat permeten a trav\u00e9s de la gesti\u00f3 de la publicitat emmagatzemar informaci\u00f3 del comportament a trav\u00e9s de l&#8217;observaci\u00f3 d&#8217;h\u00e0bits, estudiant els accessos i formant un perfil de prefer\u00e8ncies de l&#8217;usuari, per oferir publicitat relacionada amb els interessos del seu perfil.\n<\/div>\n","protected":false},"excerpt":{"rendered":"<p>POL\u00cdTICA DE COOKIES Aquesta p\u00e0gina web utilitza cookies per millorar [&hellip;]<\/p>\n","protected":false},"author":1,"featured_media":0,"parent":0,"menu_order":0,"comment_status":"closed","ping_status":"closed","template":"","meta":{"footnotes":""},"class_list":["post-3599","page","type-page","status-publish","hentry"],"yoast_head":"<!-- This site is optimized with the Yoast SEO plugin v20.7 - https:\/\/yoast.com\/wordpress\/plugins\/seo\/ -->\n<title>Pol\u00edtica de Cookies - G\u00f3zame Rico<\/title>\n<meta name=\"robots\" content=\"index, follow, max-snippet:-1, max-image-preview:large, max-video-preview:-1\" \/>\n<link rel=\"canonical\" href=\"https:\/\/gozamericodanceschool.es\/ca\/politica-de-cookies\/\" \/>\n<meta property=\"og:locale\" content=\"ca_ES\" \/>\n<meta property=\"og:type\" content=\"article\" \/>\n<meta property=\"og:title\" content=\"Pol\u00edtica de Cookies - G\u00f3zame Rico\" \/>\n<meta property=\"og:description\" content=\"POL\u00cdTICA DE COOKIES Aquesta p\u00e0gina web utilitza cookies per millorar [&hellip;]\" \/>\n<meta property=\"og:url\" content=\"https:\/\/gozamericodanceschool.es\/ca\/politica-de-cookies\/\" \/>\n<meta property=\"og:site_name\" content=\"G\u00f3zame Rico\" \/>\n<meta name=\"twitter:card\" content=\"summary_large_image\" \/>\n<meta name=\"twitter:label1\" content=\"Temps estimat de lectura\" \/>\n\t<meta name=\"twitter:data1\" content=\"3 minuts\" \/>\n<script type=\"application\/ld+json\" class=\"yoast-schema-graph\">{\"@context\":\"https:\/\/schema.org\",\"@graph\":[{\"@type\":\"WebPage\",\"@id\":\"https:\/\/gozamericodanceschool.es\/ca\/politica-de-cookies\/\",\"url\":\"https:\/\/gozamericodanceschool.es\/ca\/politica-de-cookies\/\",\"name\":\"Pol\u00edtica de Cookies - G\u00f3zame Rico\",\"isPartOf\":{\"@id\":\"https:\/\/gozamericodanceschool.es\/#website\"},\"datePublished\":\"2023-05-18T07:38:03+00:00\",\"dateModified\":\"2023-05-18T07:38:03+00:00\",\"breadcrumb\":{\"@id\":\"https:\/\/gozamericodanceschool.es\/ca\/politica-de-cookies\/#breadcrumb\"},\"inLanguage\":\"ca\",\"potentialAction\":[{\"@type\":\"ReadAction\",\"target\":[\"https:\/\/gozamericodanceschool.es\/ca\/politica-de-cookies\/\"]}]},{\"@type\":\"BreadcrumbList\",\"@id\":\"https:\/\/gozamericodanceschool.es\/ca\/politica-de-cookies\/#breadcrumb\",\"itemListElement\":[{\"@type\":\"ListItem\",\"position\":1,\"name\":\"Portada\",\"item\":\"https:\/\/gozamericodanceschool.es\/ca\/\"},{\"@type\":\"ListItem\",\"position\":2,\"name\":\"Pol\u00edtica de Cookies\"}]},{\"@type\":\"WebSite\",\"@id\":\"https:\/\/gozamericodanceschool.es\/#website\",\"url\":\"https:\/\/gozamericodanceschool.es\/\",\"name\":\"G\u00f3zame Rico\",\"description\":\"Escuela de baile G\u00f3zame Rico Dance School\",\"potentialAction\":[{\"@type\":\"SearchAction\",\"target\":{\"@type\":\"EntryPoint\",\"urlTemplate\":\"https:\/\/gozamericodanceschool.es\/?s={search_term_string}\"},\"query-input\":\"required name=search_term_string\"}],\"inLanguage\":\"ca\"}]}<\/script>\n<!-- \/ Yoast SEO plugin. -->","yoast_head_json":{"title":"Pol\u00edtica de Cookies - G\u00f3zame Rico","robots":{"index":"index","follow":"follow","max-snippet":"max-snippet:-1","max-image-preview":"max-image-preview:large","max-video-preview":"max-video-preview:-1"},"canonical":"https:\/\/gozamericodanceschool.es\/ca\/politica-de-cookies\/","og_locale":"ca_ES","og_type":"article","og_title":"Pol\u00edtica de Cookies - G\u00f3zame Rico","og_description":"POL\u00cdTICA DE COOKIES Aquesta p\u00e0gina web utilitza cookies per millorar [&hellip;]","og_url":"https:\/\/gozamericodanceschool.es\/ca\/politica-de-cookies\/","og_site_name":"G\u00f3zame Rico","twitter_card":"summary_large_image","twitter_misc":{"Temps estimat de lectura":"3 minuts"},"schema":{"@context":"https:\/\/schema.org","@graph":[{"@type":"WebPage","@id":"https:\/\/gozamericodanceschool.es\/ca\/politica-de-cookies\/","url":"https:\/\/gozamericodanceschool.es\/ca\/politica-de-cookies\/","name":"Pol\u00edtica de Cookies - G\u00f3zame Rico","isPartOf":{"@id":"https:\/\/gozamericodanceschool.es\/#website"},"datePublished":"2023-05-18T07:38:03+00:00","dateModified":"2023-05-18T07:38:03+00:00","breadcrumb":{"@id":"https:\/\/gozamericodanceschool.es\/ca\/politica-de-cookies\/#breadcrumb"},"inLanguage":"ca","potentialAction":[{"@type":"ReadAction","target":["https:\/\/gozamericodanceschool.es\/ca\/politica-de-cookies\/"]}]},{"@type":"BreadcrumbList","@id":"https:\/\/gozamericodanceschool.es\/ca\/politica-de-cookies\/#breadcrumb","itemListElement":[{"@type":"ListItem","position":1,"name":"Portada","item":"https:\/\/gozamericodanceschool.es\/ca\/"},{"@type":"ListItem","position":2,"name":"Pol\u00edtica de Cookies"}]},{"@type":"WebSite","@id":"https:\/\/gozamericodanceschool.es\/#website","url":"https:\/\/gozamericodanceschool.es\/","name":"G\u00f3zame Rico","description":"Escuela de baile G\u00f3zame Rico Dance School","potentialAction":[{"@type":"SearchAction","target":{"@type":"EntryPoint","urlTemplate":"https:\/\/gozamericodanceschool.es\/?s={search_term_string}"},"query-input":"required name=search_term_string"}],"inLanguage":"ca"}]}},"_links":{"self":[{"href":"https:\/\/gozamericodanceschool.es\/ca\/wp-json\/wp\/v2\/pages\/3599","targetHints":{"allow":["GET"]}}],"collection":[{"href":"https:\/\/gozamericodanceschool.es\/ca\/wp-json\/wp\/v2\/pages"}],"about":[{"href":"https:\/\/gozamericodanceschool.es\/ca\/wp-json\/wp\/v2\/types\/page"}],"author":[{"embeddable":true,"href":"https:\/\/gozamericodanceschool.es\/ca\/wp-json\/wp\/v2\/users\/1"}],"replies":[{"embeddable":true,"href":"https:\/\/gozamericodanceschool.es\/ca\/wp-json\/wp\/v2\/comments?post=3599"}],"version-history":[{"count":0,"href":"https:\/\/gozamericodanceschool.es\/ca\/wp-json\/wp\/v2\/pages\/3599\/revisions"}],"wp:attachment":[{"href":"https:\/\/gozamericodanceschool.es\/ca\/wp-json\/wp\/v2\/media?parent=3599"}],"curies":[{"name":"wp","href":"https:\/\/api.w.org\/{rel}","templated":true}]}}